{"id":5457,"date":"2025-08-29T14:35:05","date_gmt":"2025-08-29T14:35:05","guid":{"rendered":"https:\/\/210.71f.mytemp.website\/developpement-durable\/"},"modified":"2025-09-13T13:44:02","modified_gmt":"2025-09-13T13:44:02","slug":"developpement-durable","status":"publish","type":"page","link":"https:\/\/scandium-canada.com\/fr-ca\/developpement-durable\/","title":{"rendered":"D\u00e9veloppement durable"},"content":{"rendered":"\t\t<div data-elementor-type=\"wp-page\" data-elementor-id=\"5457\" class=\"elementor elementor-5457 elementor-5375\" data-elementor-post-type=\"page\">\n\t\t\t\t<div class=\"elementor-element elementor-element-a43210f e-con-full e-flex e-con e-parent\" data-id=\"a43210f\" data-element_type=\"container\" data-e-type=\"container\" data-settings=\"{&quot;background_background&quot;:&quot;classic&quot;}\">\n\t\t\t\t<div class=\"elementor-element elementor-element-c41d252 elementor-widget elementor-widget-heading\" data-id=\"c41d252\" data-element_type=\"widget\" data-e-type=\"widget\" data-widget_type=\"heading.default\">\n\t\t\t\t<div class=\"elementor-widget-container\">\n\t\t\t\t\t<h1 class=\"elementor-heading-title elementor-size-default\">D\u00e9veloppement durable<\/h1>\t\t\t\t<\/div>\n\t\t\t\t<\/div>\n\t\t\t\t<\/div>\n\t\t<div class=\"elementor-element elementor-element-af199a4 e-flex e-con-boxed e-con e-parent\" data-id=\"af199a4\" data-element_type=\"container\" data-e-type=\"container\">\n\t\t\t\t\t<div class=\"e-con-inner\">\n\t\t\t\t<div class=\"elementor-element elementor-element-2dead8e elementor-widget elementor-widget-text-editor\" data-id=\"2dead8e\" data-element_type=\"widget\" data-e-type=\"widget\" data-widget_type=\"text-editor.default\">\n\t\t\t\t<div class=\"elementor-widget-container\">\n\t\t\t\t\t\t\t\t\t<h2 style=\"text-align: center;\" data-start=\"185\" data-end=\"228\"><strong>Notre engagement envers un avenir durable<\/strong><\/h2><p style=\"text-align: justify;\" data-start=\"230\" data-end=\"580\">Avec un esprit de responsabilit\u00e9 et de durabilit\u00e9, <strong data-start=\"282\" data-end=\"301\">Scandium Canada<\/strong> fait progresser le <strong data-start=\"319\" data-end=\"342\">projet Crater Lake<\/strong>, la principale source primaire de scandium au monde. Situ\u00e9 au Nunavik, au Qu\u00e9bec, ce projet refl\u00e8te notre vision de co-d\u00e9velopper des projets tout en respectant \u00e0 la fois l&rsquo;environnement et les communaut\u00e9s locales. <\/p>\t\t\t\t\t\t\t\t<\/div>\n\t\t\t\t<\/div>\n\t\t\t\t<div class=\"elementor-element elementor-element-7a62154 elementor-widget elementor-widget-text-editor\" data-id=\"7a62154\" data-element_type=\"widget\" data-e-type=\"widget\" data-widget_type=\"text-editor.default\">\n\t\t\t\t<div class=\"elementor-widget-container\">\n\t\t\t\t\t\t\t\t\t<h2 style=\"text-align: center;\"><strong>\u00ab\u00a0Un projet collaboratif avec les communaut\u00e9s<\/strong><\/h2><p style=\"text-align: justify;\" data-start=\"639\" data-end=\"952\">Le projet Crater Lake, situ\u00e9 \u00e0 environ 200 km au nord-est de Schefferville au Nunavik au Qu\u00e9bec, est le projet les plus importants en d\u00e9veloppement de source primaire de scandium au monde. La province de Qu\u00e9bec est reconnue pour sa juridiction mini\u00e8re respectueuse de l\u2019environnement et des communaut\u00e9s, <\/p><p style=\"text-align: justify;\" data-start=\"954\" data-end=\"1208\">Le projet Crater Lake se trouve sur le territoire ancestral et dans les zones d\u2019int\u00e9r\u00eat de la Premi\u00e8re Nation Naskapi et des Inuits de Kangiqsualujjuaq au Nunavik. . Scandium Canada reconna\u00eet les droits ancestraux et issus des trait\u00e9s des communaut\u00e9s autochtones sur ce territoire. <\/p><p style=\"text-align: justify;\" data-start=\"1210\" data-end=\"1683\">En 2024, Scandium Canada a sign\u00e9 un Accord de Pr\u00e9-D\u00e9veloppement (APD) avec la Nation Naskapi de Kawawachikamach, formalisant un engagement mutuel de respect, de consultation, de participation et d\u2019avantages \u00e9conomiques. Gr\u00e2ce \u00e0 ce partenariat, nous nous engageons \u00e0 travailler en harmonie avec la Nation Naskapi pour garantir que le projet soit en ad\u00e9quation avec leurs valeurs culturelles, sociales et environnementales, tout en apportant des avantages durables pour les g\u00e9n\u00e9rations pr\u00e9sentes et futures. <em data-start=\"1656\" data-end=\"1681\"><a href=\"https:\/\/wp-sccanada-2024.s3.ca-central-1.amazonaws.com\/media\/2025\/07\/15155207\/VFinal-ANG-closing-private-placement-Naskapi1002901590.2.pdf\">(lien vers le communiqu\u00e9)<\/a><\/em> <\/p>\t\t\t\t\t\t\t\t<\/div>\n\t\t\t\t<\/div>\n\t\t\t\t<div class=\"elementor-element elementor-element-1baaedc elementor-widget elementor-widget-text-editor\" data-id=\"1baaedc\" data-element_type=\"widget\" data-e-type=\"widget\" data-widget_type=\"text-editor.default\">\n\t\t\t\t<div class=\"elementor-widget-container\">\n\t\t\t\t\t\t\t\t\t<h2 style=\"text-align: center;\"><strong>Les alliages aluminium-scandium, un avenir prometteur<\/strong><\/h2>\t\t\t\t\t\t\t\t<\/div>\n\t\t\t\t<\/div>\n\t\t\t\t<div class=\"elementor-element elementor-element-78ad295 elementor-widget elementor-widget-image\" data-id=\"78ad295\" data-element_type=\"widget\" data-e-type=\"widget\" data-widget_type=\"image.default\">\n\t\t\t\t<div class=\"elementor-widget-container\">\n\t\t\t\t\t\t\t\t\t\t\t\t<figure class=\"wp-caption\">\n\t\t\t\t\t\t\t\t\t\t<img fetchpriority=\"high\" decoding=\"async\" width=\"2000\" height=\"1065\" src=\"https:\/\/wp-sccanada-2024.s3.ca-central-1.amazonaws.com\/media\/2025\/08\/29144259\/scandium-canada-developpement-durable-lr.jpg\" class=\"attachment-full size-full wp-image-5385\" alt=\"Scandium Canada rare mineral developpement durable lr\" srcset=\"https:\/\/wp-sccanada-2024.s3.ca-central-1.amazonaws.com\/media\/2025\/08\/29144259\/scandium-canada-developpement-durable-lr.jpg 2000w, https:\/\/wp-sccanada-2024.s3.ca-central-1.amazonaws.com\/media\/2025\/08\/29144259\/scandium-canada-developpement-durable-lr-300x160.jpg 300w, https:\/\/wp-sccanada-2024.s3.ca-central-1.amazonaws.com\/media\/2025\/08\/29144259\/scandium-canada-developpement-durable-lr-1024x545.jpg 1024w, https:\/\/wp-sccanada-2024.s3.ca-central-1.amazonaws.com\/media\/2025\/08\/29144259\/scandium-canada-developpement-durable-lr-768x409.jpg 768w, https:\/\/wp-sccanada-2024.s3.ca-central-1.amazonaws.com\/media\/2025\/08\/29144259\/scandium-canada-developpement-durable-lr-1536x818.jpg 1536w\" sizes=\"(max-width: 2000px) 100vw, 2000px\" \/>\t\t\t\t\t\t\t\t\t\t\t<figcaption class=\"widget-image-caption wp-caption-text\">Des membres de la communaut\u00e9 Naskapi visitent le projet Crater Lake.<\/figcaption>\n\t\t\t\t\t\t\t\t\t\t<\/figure>\n\t\t\t\t\t\t\t\t\t<\/div>\n\t\t\t\t<\/div>\n\t\t\t\t\t<\/div>\n\t\t\t\t<\/div>\n\t\t<div class=\"elementor-element elementor-element-42403c0 e-flex e-con-boxed e-con e-parent\" data-id=\"42403c0\" data-element_type=\"container\" data-e-type=\"container\" data-settings=\"{&quot;background_background&quot;:&quot;classic&quot;}\">\n\t\t\t\t\t<div class=\"e-con-inner\">\n\t\t\t\t<div class=\"elementor-element elementor-element-7c1e6c4 elementor-widget elementor-widget-text-editor\" data-id=\"7c1e6c4\" data-element_type=\"widget\" data-e-type=\"widget\" data-widget_type=\"text-editor.default\">\n\t\t\t\t<div class=\"elementor-widget-container\">\n\t\t\t\t\t\t\t\t\t<h2 style=\"text-align: justify;\"><span style=\"color: #ffffff;\"><strong>Initiative en cour<\/strong><strong>s<\/strong><\/span><\/h2><p style=\"text-align: justify;\" data-start=\"1716\" data-end=\"1857\"><span style=\"color: #ffffff;\">Scandium Canada est fi\u00e8re de ses engagements apr\u00e8s des communaut\u00e9s. Parmi les initiatives cl\u00e9s entreprises ou en d\u00e9veloppement, on retrouve : <\/span><\/p><ul style=\"text-align: justify;\" data-start=\"1859\" data-end=\"2542\"><li data-start=\"1859\" data-end=\"2065\"><p data-start=\"1861\" data-end=\"2065\"><span style=\"color: #ffffff;\"><strong data-start=\"1861\" data-end=\"1899\">\u00c9valuations environnementales rigoureuses<\/strong> : Chaque \u00e9tape du projet est accompagn\u00e9e d&rsquo;\u00e9tudes environnementales d\u00e9taill\u00e9es pour \u00e9valuer les impacts potentiels sur les \u00e9cosyst\u00e8mes locaux et trouver des solutions pour les minimiser.<\/span><\/p><\/li><li data-start=\"2067\" data-end=\"2317\"><p data-start=\"2069\" data-end=\"2317\"><span style=\"color: #ffffff;\"><strong data-start=\"2069\" data-end=\"2108\">Partenariats avec les communaut\u00e9s locales<\/strong> : En plus de travailler avec la Premi\u00e8re Nation Naskapi et les communaut\u00e9s Inuits, nous mettons en place des programmes de consultation continue et d\u2019engagement communautaire pour garantir que les d\u00e9cisions prises au cours du projet refl\u00e8te les attentes locales.<\/span><\/p><\/li><li data-start=\"2319\" data-end=\"2542\"><p data-start=\"2321\" data-end=\"2542\"><span style=\"color: #ffffff;\"><strong data-start=\"2321\" data-end=\"2352\">Gestion des ressources naturelles <\/strong>: Nous appliquons des pratiques de gestion des ressources naturelles visant \u00e0 pr\u00e9server l&rsquo;int\u00e9grit\u00e9 des \u00e9cosyst\u00e8mes et \u00e0 r\u00e9duire l&#8217;empreinte environnementale du projet, notamment gr\u00e2ce \u00e0 une consommation responsable de l&rsquo;eau et une gestion efficace des d\u00e9chets miniers.<\/span><\/p><\/li><\/ul><p style=\"text-align: justify;\" data-start=\"2544\" data-end=\"2824\"><span style=\"color: #ffffff;\">Scandium Canada s\u2019appuie sur les r\u00e9glementations en vigueur et vise \u00e0 atteindre les plus hauts standards de l\u2019industrie en partageant de l\u2019<strong data-start=\"2671\" data-end=\"2687\">information transparente<\/strong> et \u00e0 jour sur ses <strong data-start=\"2721\" data-end=\"2778\">pratiques environnementales, sociales et de gouvernance (ESG)<\/strong>, et ce, tout au long du d\u00e9veloppement de ses projets.<\/span><\/p>\t\t\t\t\t\t\t\t<\/div>\n\t\t\t\t<\/div>\n\t\t\t\t<div class=\"elementor-element elementor-element-ebac1d3 elementor-widget elementor-widget-image\" data-id=\"ebac1d3\" data-element_type=\"widget\" data-e-type=\"widget\" data-widget_type=\"image.default\">\n\t\t\t\t<div class=\"elementor-widget-container\">\n\t\t\t\t\t\t\t\t\t\t\t\t\t\t\t<img decoding=\"async\" width=\"1576\" height=\"1179\" src=\"https:\/\/wp-sccanada-2024.s3.ca-central-1.amazonaws.com\/media\/2025\/08\/29144504\/Scandium-Canada_Kawawachikamach.jpg\" class=\"attachment-full size-full wp-image-5387\" alt=\"Scandium Canada Kawawachikamach\" srcset=\"https:\/\/wp-sccanada-2024.s3.ca-central-1.amazonaws.com\/media\/2025\/08\/29144504\/Scandium-Canada_Kawawachikamach.jpg 1576w, https:\/\/wp-sccanada-2024.s3.ca-central-1.amazonaws.com\/media\/2025\/08\/29144504\/Scandium-Canada_Kawawachikamach-300x224.jpg 300w, https:\/\/wp-sccanada-2024.s3.ca-central-1.amazonaws.com\/media\/2025\/08\/29144504\/Scandium-Canada_Kawawachikamach-1024x766.jpg 1024w, https:\/\/wp-sccanada-2024.s3.ca-central-1.amazonaws.com\/media\/2025\/08\/29144504\/Scandium-Canada_Kawawachikamach-768x575.jpg 768w, https:\/\/wp-sccanada-2024.s3.ca-central-1.amazonaws.com\/media\/2025\/08\/29144504\/Scandium-Canada_Kawawachikamach-1536x1149.jpg 1536w\" sizes=\"(max-width: 1576px) 100vw, 1576px\" \/>\t\t\t\t\t\t\t\t\t\t\t\t\t\t\t<\/div>\n\t\t\t\t<\/div>\n\t\t\t\t\t<\/div>\n\t\t\t\t<\/div>\n\t\t\t\t<\/div>\n\t\t","protected":false},"excerpt":{"rendered":"<p>D\u00e9veloppement durable Notre engagement envers un avenir durable Avec un esprit de responsabilit\u00e9 et de durabilit\u00e9, Scandium Canada fait progresser le projet Crater Lake, la principale source primaire de scandium au monde. Situ\u00e9 au Nunavik, au Qu\u00e9bec, ce projet refl\u00e8te notre vision de co-d\u00e9velopper des projets tout en respectant \u00e0 la fois l&rsquo;environnement et les &#8230; <a title=\"D\u00e9veloppement durable\" class=\"read-more\" href=\"https:\/\/scandium-canada.com\/fr-ca\/developpement-durable\/\" aria-label=\"Read more about D\u00e9veloppement durable\">Read more<\/a><\/p>\n","protected":false},"author":7,"featured_media":0,"parent":0,"menu_order":0,"comment_status":"closed","ping_status":"closed","template":"","meta":{"_monsterinsights_skip_tracking":false,"_monsterinsights_sitenote_active":false,"_monsterinsights_sitenote_note":"","_monsterinsights_sitenote_category":0,"_uf_show_specific_survey":0,"_uf_disable_surveys":false,"footnotes":""},"class_list":["post-5457","page","type-page","status-publish"],"aioseo_notices":[],"rttpg_featured_image_url":null,"rttpg_author":{"display_name":"Scandium Canada","author_link":"https:\/\/scandium-canada.com\/fr-ca\/author\/scandium-canada\/"},"rttpg_comment":0,"rttpg_category":" <a href=\"https:\/\/scandium-canada.com\/fr-ca\/?taxonomy=translation_priority&#038;term=optional-fr-ca\" rel=\"tag\">Optional<\/a>","rttpg_excerpt":"D\u00e9veloppement durable Notre engagement envers un avenir durable Avec un esprit de responsabilit\u00e9 et de durabilit\u00e9, Scandium Canada fait progresser le projet Crater Lake, la principale source primaire de scandium au monde. Situ\u00e9 au Nunavik, au Qu\u00e9bec, ce projet refl\u00e8te notre vision de co-d\u00e9velopper des projets tout en respectant \u00e0 la fois l&rsquo;environnement et les&hellip;","_links":{"self":[{"href":"https:\/\/scandium-canada.com\/fr-ca\/wp-json\/wp\/v2\/pages\/5457","targetHints":{"allow":["GET"]}}],"collection":[{"href":"https:\/\/scandium-canada.com\/fr-ca\/wp-json\/wp\/v2\/pages"}],"about":[{"href":"https:\/\/scandium-canada.com\/fr-ca\/wp-json\/wp\/v2\/types\/page"}],"author":[{"embeddable":true,"href":"https:\/\/scandium-canada.com\/fr-ca\/wp-json\/wp\/v2\/users\/7"}],"replies":[{"embeddable":true,"href":"https:\/\/scandium-canada.com\/fr-ca\/wp-json\/wp\/v2\/comments?post=5457"}],"version-history":[{"count":0,"href":"https:\/\/scandium-canada.com\/fr-ca\/wp-json\/wp\/v2\/pages\/5457\/revisions"}],"wp:attachment":[{"href":"https:\/\/scandium-canada.com\/fr-ca\/wp-json\/wp\/v2\/media?parent=5457"}],"curies":[{"name":"wp","href":"https:\/\/api.w.org\/{rel}","templated":true}]}}