{"id":5523,"date":"2024-02-12T23:00:29","date_gmt":"2024-02-12T23:00:29","guid":{"rendered":"https:\/\/210.71f.mytemp.website\/avertissement\/"},"modified":"2025-09-16T01:39:28","modified_gmt":"2025-09-16T01:39:28","slug":"avertissement","status":"publish","type":"page","link":"https:\/\/scandium-canada.com\/fr-ca\/avertissement\/","title":{"rendered":"Avertissement"},"content":{"rendered":"\t\t<div data-elementor-type=\"wp-page\" data-elementor-id=\"5523\" class=\"elementor elementor-5523 elementor-565\" data-elementor-post-type=\"page\">\n\t\t\t\t\t\t<section class=\"elementor-section elementor-top-section elementor-element elementor-element-fd07f6f elementor-section-full_width elementor-section-height-min-height elementor-section-height-default elementor-section-items-middle\" data-id=\"fd07f6f\" data-element_type=\"section\" data-e-type=\"section\" data-settings=\"{&quot;background_background&quot;:&quot;classic&quot;}\">\n\t\t\t\t\t\t<div class=\"elementor-container elementor-column-gap-default\">\n\t\t\t\t\t<div class=\"elementor-column elementor-col-100 elementor-top-column elementor-element elementor-element-c6c10c2\" data-id=\"c6c10c2\" data-element_type=\"column\" data-e-type=\"column\">\n\t\t\t<div class=\"elementor-widget-wrap elementor-element-populated\">\n\t\t\t\t\t\t<div class=\"elementor-element elementor-element-4fd52bc elementor-widget elementor-widget-heading\" data-id=\"4fd52bc\" data-element_type=\"widget\" data-e-type=\"widget\" data-widget_type=\"heading.default\">\n\t\t\t\t<div class=\"elementor-widget-container\">\n\t\t\t\t\t<h2 class=\"elementor-heading-title elementor-size-default\">Avertissement<\/h2>\t\t\t\t<\/div>\n\t\t\t\t<\/div>\n\t\t\t\t\t<\/div>\n\t\t<\/div>\n\t\t\t\t\t<\/div>\n\t\t<\/section>\n\t\t\t\t<section class=\"elementor-section elementor-top-section elementor-element elementor-element-67eb337 elementor-section-content-top elementor-section-boxed elementor-section-height-default elementor-section-height-default\" data-id=\"67eb337\" data-element_type=\"section\" data-e-type=\"section\" data-settings=\"{&quot;background_background&quot;:&quot;classic&quot;}\">\n\t\t\t\t\t\t\t<div class=\"elementor-background-overlay\"><\/div>\n\t\t\t\t\t\t\t<div class=\"elementor-container elementor-column-gap-no\">\n\t\t\t\t\t<div class=\"elementor-column elementor-col-100 elementor-top-column elementor-element elementor-element-64fe1a8\" data-id=\"64fe1a8\" data-element_type=\"column\" data-e-type=\"column\">\n\t\t\t<div class=\"elementor-widget-wrap elementor-element-populated\">\n\t\t\t\t\t\t<div class=\"elementor-element elementor-element-2afe9a5 elementor-widget__width-initial elementor-widget elementor-widget-heading\" data-id=\"2afe9a5\" data-element_type=\"widget\" data-e-type=\"widget\" data-widget_type=\"heading.default\">\n\t\t\t\t<div class=\"elementor-widget-container\">\n\t\t\t\t\t<h2 class=\"elementor-heading-title elementor-size-default\">\u00c9nonc\u00e9s prospectifs<\/h2>\t\t\t\t<\/div>\n\t\t\t\t<\/div>\n\t\t\t\t<div class=\"elementor-element elementor-element-2c0fe12 elementor-widget elementor-widget-text-editor\" data-id=\"2c0fe12\" data-element_type=\"widget\" data-e-type=\"widget\" data-widget_type=\"text-editor.default\">\n\t\t\t\t<div class=\"elementor-widget-container\">\n\t\t\t\t\t\t\t\t\t<p>Certaines d\u00e9clarations pr\u00e9sentes sur ce site peuvent constituer des \u00e9nonc\u00e9s prospectifs portant sur les activit\u00e9s ou l\u2019environnement d\u2019affaires de la Soci\u00e9t\u00e9. Certaines d\u00e9clarations pr\u00e9sentes sur ce site peuvent constituer des \u00e9nonc\u00e9s prospectifs portant sur les activit\u00e9s ou l\u2019environnement d\u2019affaires de la Soci\u00e9t\u00e9. Ces affirmations reposent sur les op\u00e9rations, estimations, pr\u00e9visions et projections de la direction, mais ne sauraient repr\u00e9senter une garantie de performances futures et comportent des risques et incertitudes difficiles \u00e0 anticiper ou \u00e0 ma\u00eetriser. De nombreux facteurs pourraient entra\u00eener des \u00e9carts significatifs entre les r\u00e9sultats r\u00e9els et ceux exprim\u00e9s.<\/p><p>Ces facteurs sont notamment d\u00e9taill\u00e9s dans les documents d\u00e9pos\u00e9s par la soci\u00e9t\u00e9. Bien que ces \u00e9nonc\u00e9s se fondent sur ce que la direction juge raisonnable, la Soci\u00e9t\u00e9 ne peut garantir que les r\u00e9sultats r\u00e9els correspondront \u00e0 ces anticipations. En outre, elle d\u00e9cline toute intention ou obligation de mettre \u00e0 jour ou de r\u00e9viser ces \u00e9nonc\u00e9s prospectifs, quel qu\u2019en soit le motif, (sauf si la loi l&rsquo;exige). De plus, la Soci\u00e9t\u00e9 ne s&rsquo;engage \u00e0 publier un suivi ou une mise \u00e0 jour que pour les sujets qu\u2019elle choisit de couvrir.<\/p>\t\t\t\t\t\t\t\t<\/div>\n\t\t\t\t<\/div>\n\t\t\t\t\t<\/div>\n\t\t<\/div>\n\t\t\t\t\t<\/div>\n\t\t<\/section>\n\t\t\t\t<section class=\"elementor-section elementor-top-section elementor-element elementor-element-0761dd6 elementor-section-content-top elementor-section-boxed elementor-section-height-default elementor-section-height-default\" data-id=\"0761dd6\" data-element_type=\"section\" data-e-type=\"section\" data-settings=\"{&quot;background_background&quot;:&quot;classic&quot;}\">\n\t\t\t\t\t\t\t<div class=\"elementor-background-overlay\"><\/div>\n\t\t\t\t\t\t\t<div class=\"elementor-container elementor-column-gap-no\">\n\t\t\t\t\t<div class=\"elementor-column elementor-col-100 elementor-top-column elementor-element elementor-element-2fefc7a\" data-id=\"2fefc7a\" data-element_type=\"column\" data-e-type=\"column\">\n\t\t\t<div class=\"elementor-widget-wrap elementor-element-populated\">\n\t\t\t\t\t\t<div class=\"elementor-element elementor-element-f30284f elementor-widget__width-initial elementor-widget elementor-widget-heading\" data-id=\"f30284f\" data-element_type=\"widget\" data-e-type=\"widget\" data-widget_type=\"heading.default\">\n\t\t\t\t<div class=\"elementor-widget-container\">\n\t\t\t\t\t<h2 class=\"elementor-heading-title elementor-size-default\">Avertissement<\/h2>\t\t\t\t<\/div>\n\t\t\t\t<\/div>\n\t\t\t\t<div class=\"elementor-element elementor-element-464e689 elementor-widget elementor-widget-text-editor\" data-id=\"464e689\" data-element_type=\"widget\" data-e-type=\"widget\" data-widget_type=\"text-editor.default\">\n\t\t\t\t<div class=\"elementor-widget-container\">\n\t\t\t\t\t\t\t\t\t<p>Les investisseurs sont avis\u00e9s que ce site contient des r\u00e9sultats historiques d\u2019exploration. Ces donn\u00e9es sont d\u00e9riv\u00e9es de rapports d\u2019\u00e9valuation d\u00e9pos\u00e9s ou compil\u00e9es \u00e0 partir de bases de donn\u00e9es gouvernementales. La Soci\u00e9t\u00e9 et un sp\u00e9cialiste qualifi\u00e9 (QP) n\u2019ont pas v\u00e9rifi\u00e9 de mani\u00e8re ind\u00e9pendante l\u2019exactitude de ces r\u00e9sultats : ils ne doivent donc pas \u00eatre consid\u00e9r\u00e9s comme fiables. Les r\u00e9sultats mis en avant peuvent ne pas refl\u00e9ter les teneurs moyennes.<\/p><p>Ce site peut aussi contenir des informations portant sur des propri\u00e9t\u00e9s min\u00e9rales adjacentes aux terrains de la Soci\u00e9t\u00e9. Les gisements, min\u00e9ralisations ou r\u00e9sultats historiques de ces propri\u00e9t\u00e9s avoisinantes ne sont pas n\u00e9cessairement repr\u00e9sentatifs des min\u00e9ralisations ou teneurs pr\u00e9sentes sur les terrains de la Soci\u00e9t\u00e9.<\/p>\t\t\t\t\t\t\t\t<\/div>\n\t\t\t\t<\/div>\n\t\t\t\t\t<\/div>\n\t\t<\/div>\n\t\t\t\t\t<\/div>\n\t\t<\/section>\n\t\t\t\t<\/div>\n\t\t","protected":false},"excerpt":{"rendered":"<p>Avertissement \u00c9nonc\u00e9s prospectifs Certaines d\u00e9clarations pr\u00e9sentes sur ce site peuvent constituer des \u00e9nonc\u00e9s prospectifs portant sur les activit\u00e9s ou l\u2019environnement d\u2019affaires de la Soci\u00e9t\u00e9. Certaines d\u00e9clarations pr\u00e9sentes sur ce site peuvent constituer des \u00e9nonc\u00e9s prospectifs portant sur les activit\u00e9s ou l\u2019environnement d\u2019affaires de la Soci\u00e9t\u00e9. Ces affirmations reposent sur les op\u00e9rations, estimations, pr\u00e9visions et projections &#8230; <a title=\"Avertissement\" class=\"read-more\" href=\"https:\/\/scandium-canada.com\/fr-ca\/avertissement\/\" aria-label=\"Read more about Avertissement\">Read more<\/a><\/p>\n","protected":false},"author":7,"featured_media":0,"parent":0,"menu_order":0,"comment_status":"closed","ping_status":"closed","template":"","meta":{"_monsterinsights_skip_tracking":false,"_monsterinsights_sitenote_active":false,"_monsterinsights_sitenote_note":"","_monsterinsights_sitenote_category":0,"_uf_show_specific_survey":0,"_uf_disable_surveys":false,"footnotes":""},"class_list":["post-5523","page","type-page","status-publish"],"aioseo_notices":[],"rttpg_featured_image_url":null,"rttpg_author":{"display_name":"Scandium Canada","author_link":"https:\/\/scandium-canada.com\/fr-ca\/author\/scandium-canada\/"},"rttpg_comment":0,"rttpg_category":" <a href=\"https:\/\/scandium-canada.com\/fr-ca\/?taxonomy=translation_priority&#038;term=optional-fr-ca\" rel=\"tag\">Optional<\/a>","rttpg_excerpt":"Avertissement \u00c9nonc\u00e9s prospectifs Certaines d\u00e9clarations pr\u00e9sentes sur ce site peuvent constituer des \u00e9nonc\u00e9s prospectifs portant sur les activit\u00e9s ou l\u2019environnement d\u2019affaires de la Soci\u00e9t\u00e9. Certaines d\u00e9clarations pr\u00e9sentes sur ce site peuvent constituer des \u00e9nonc\u00e9s prospectifs portant sur les activit\u00e9s ou l\u2019environnement d\u2019affaires de la Soci\u00e9t\u00e9. Ces affirmations reposent sur les op\u00e9rations, estimations, pr\u00e9visions et projections&hellip;","_links":{"self":[{"href":"https:\/\/scandium-canada.com\/fr-ca\/wp-json\/wp\/v2\/pages\/5523","targetHints":{"allow":["GET"]}}],"collection":[{"href":"https:\/\/scandium-canada.com\/fr-ca\/wp-json\/wp\/v2\/pages"}],"about":[{"href":"https:\/\/scandium-canada.com\/fr-ca\/wp-json\/wp\/v2\/types\/page"}],"author":[{"embeddable":true,"href":"https:\/\/scandium-canada.com\/fr-ca\/wp-json\/wp\/v2\/users\/7"}],"replies":[{"embeddable":true,"href":"https:\/\/scandium-canada.com\/fr-ca\/wp-json\/wp\/v2\/comments?post=5523"}],"version-history":[{"count":0,"href":"https:\/\/scandium-canada.com\/fr-ca\/wp-json\/wp\/v2\/pages\/5523\/revisions"}],"wp:attachment":[{"href":"https:\/\/scandium-canada.com\/fr-ca\/wp-json\/wp\/v2\/media?parent=5523"}],"curies":[{"name":"wp","href":"https:\/\/api.w.org\/{rel}","templated":true}]}}