{"id":5666,"date":"2025-09-03T02:11:11","date_gmt":"2025-09-03T02:11:11","guid":{"rendered":"https:\/\/210.71f.mytemp.website\/?page_id=5666"},"modified":"2025-10-15T02:36:32","modified_gmt":"2025-10-15T02:36:32","slug":"blogue","status":"publish","type":"page","link":"https:\/\/scandium-canada.com\/fr-ca\/blogue\/","title":{"rendered":"Blogue"},"content":{"rendered":"\t\t<div data-elementor-type=\"wp-page\" data-elementor-id=\"5666\" class=\"elementor elementor-5666 elementor-5665\" data-elementor-post-type=\"page\">\n\t\t\t\t<div class=\"elementor-element elementor-element-43ed9fe e-con-full e-flex e-con e-parent\" data-id=\"43ed9fe\" data-element_type=\"container\" data-e-type=\"container\" data-settings=\"{&quot;background_background&quot;:&quot;classic&quot;}\">\n\t\t\t\t<div class=\"elementor-element elementor-element-e26012e elementor-widget elementor-widget-heading\" data-id=\"e26012e\" data-element_type=\"widget\" data-e-type=\"widget\" data-widget_type=\"heading.default\">\n\t\t\t\t<div class=\"elementor-widget-container\">\n\t\t\t\t\t<h1 class=\"elementor-heading-title elementor-size-default\">Blogue<\/h1>\t\t\t\t<\/div>\n\t\t\t\t<\/div>\n\t\t\t\t<\/div>\n\t\t<div class=\"elementor-element elementor-element-b0d6d90 e-flex e-con-boxed e-con e-parent\" data-id=\"b0d6d90\" data-element_type=\"container\" data-e-type=\"container\">\n\t\t\t\t\t<div class=\"e-con-inner\">\n\t\t\t\t\t<\/div>\n\t\t\t\t<\/div>\n\t\t<div class=\"elementor-element elementor-element-8c63f67 e-flex e-con-boxed e-con e-parent\" data-id=\"8c63f67\" data-element_type=\"container\" data-e-type=\"container\">\n\t\t\t\t\t<div class=\"e-con-inner\">\n\t\t<div class=\"elementor-element elementor-element-a0b9801 e-con-full e-flex e-con e-child\" data-id=\"a0b9801\" data-element_type=\"container\" data-e-type=\"container\">\n\t\t\t\t<div class=\"elementor-element elementor-element-03d99a6 elementor-widget elementor-widget-heading\" data-id=\"03d99a6\" data-element_type=\"widget\" data-e-type=\"widget\" data-widget_type=\"heading.default\">\n\t\t\t\t<div class=\"elementor-widget-container\">\n\t\t\t\t\t<h1 class=\"elementor-heading-title elementor-size-default\">Publications r\u00e9cente<\/h1>\t\t\t\t<\/div>\n\t\t\t\t<\/div>\n\t\t\t\t<div class=\"elementor-element elementor-element-a5defa0 tpg-wrapper-align-left meta-visibility-show section-title-style-style1 title_position_default title_hover_border_default title-default img_hover_animation_default meta_position_default readmore-btn-default-style grid-hover-overlay-type-always tpg-el-box-border-enable tpg-border-bottom-disable elementor-widget elementor-widget-tpg-grid-layout\" data-id=\"a5defa0\" data-element_type=\"widget\" data-e-type=\"widget\" data-widget_type=\"tpg-grid-layout.default\">\n\t\t\t\t<div class=\"elementor-widget-container\">\n\t\t\t\t\t\t\t<div class=\"rt-container-fluid rt-tpg-container tpg-el-main-wrapper clearfix grid-layout1-main \"\n\t\t\t id=\"rt-tpg-container-2182431607\"\n\t\t\t data-layout=\"grid-layout1\"\n\t\t\t data-grid-style=\"tpg-full-height\"\n\t\t\t data-sc-id=\"elementor\"\n\t\t\t data-el-settings=''\n\t\t\t data-el-query=''\n\t\t\t data-el-path=''\n\t\t>\n\t\t\t\t\t\t<div class='tpg-header-wrapper '>\n\t\t\t\t\n        <div class=\"tpg-widget-heading-wrapper rt-clear heading-style1 \">\n            <span class=\"tpg-widget-heading-line line-left\"><\/span>\n\t\t\t<h2 class='tpg-widget-heading'>\n\t\t\t\n\t\t\t\t                    <span>\n\t\t\t\t\t\t\t\t\t\t\t<\/span>\n\t\t\t\t\t\n\t\t\t\t\t\t\t<\/h2>            <span class=\"tpg-widget-heading-line line-right\"><\/span>\n\n\t\t\t\n        <\/div>\n\n\t\t\n\t\t\t\t\t<\/div>\n\n\t\t\t<div data-title=\"Loading ...\" class=\"rt-row rt-content-loader grid-layout1 grid-behaviour tpg-full-height grid_layout_wrapper\">\n\t\t\t\t<div class=\"rt-col-md-4 rt-col-sm-6 rt-col-xs-12 default rt-grid-item post-6746 post type-post status-publish format-standard has-post-thumbnail hentry category-article-de-blogue tag-scandium-canada-fr-ca\"        data-id=\"6746\">\n    <div class=\"rt-holder tpg-post-holder \">\n        <div class=\"rt-detail rt-el-content-wrapper\">\n\t\t\t                <div class=\"rt-img-holder tpg-el-image-wrap has-thumbnail\">\n\t\t\t\t\t<a data-id=\"6746\" href=\"https:\/\/scandium-canada.com\/fr-ca\/scandium-canada-en-pleine-croissance-en-2025\/\" class=\"tpg-post-link\" target=\"_self\">                        <img fetchpriority=\"high\" decoding=\"async\" src=\"https:\/\/wp-sccanada-2024.s3.ca-central-1.amazonaws.com\/media\/2025\/02\/21192036\/Scandium-Element-768x625.png\"\n                             class=\"rt-img-responsive\"\n                             width=\"768\"\n                             height=\"625\"\n                             alt=\"Scandium Canada en pleine croissance en 2025\">\n\t\t\t\t\t\t\n\t\t\t\t\t\t\t\n\t\t<\/a>\n\t\t        <div class=\"overlay grid-hover-content\"><\/div>\n\t\t                <\/div>\n\t\t\t\n\t\t\t<div class=\"entry-title-wrapper\"><h3 class=\"entry-title\"><a data-id=\"6746\" href=\"https:\/\/scandium-canada.com\/fr-ca\/scandium-canada-en-pleine-croissance-en-2025\/\" class=\"tpg-post-link\" target=\"_self\">Scandium Canada en pleine croissance en 2025<\/a><\/h3><\/div>\n\t\t\t                <div class=\"post-meta-tags rt-el-post-meta\">\n\t\t\t\t\t            <span class='date'>\n\t\t\t\t<i class='far fa-calendar-alt '><\/i>\t\t\t\t                    <a href=\"https:\/\/scandium-canada.com\/fr-ca\/2025\/02\/10\/\">\n\t\t\t\t\tf\u00e9vrier 10, 2025\t\t\t\t<\/a>\n\t\t\t\t\t\t\t<\/span>\n\t\t\t                <\/div>\n\t\t\t\n\n\t\t\t                <div class=\"tpg-excerpt tpg-el-excerpt\">\n\t\t\t\t\t                        <div class=\"tpg-excerpt-inner\">\n\t\t\t\t\t\t\tApr\u00e8s une ann\u00e9e 2024 marqu\u00e9e par de nombreuses rencontres positives, 2025 sera consacr\u00e9e au suivi et \u00e0 la consolidation de partenariats pour Scandium Canada (TSX-V:SCD)...                        <\/div>\n\t\t\t\t\t\t\t\t\t\t                <\/div>\n\t\t\t\n\t\t\t        <div class=\"post-footer\">\n            <div class=\"post-footer\">\n                <div class=\"read-more\">\n\t\t\t\t\t<a data-id=\"6746\" href=\"https:\/\/scandium-canada.com\/fr-ca\/scandium-canada-en-pleine-croissance-en-2025\/\" class=\"tpg-post-link\" target=\"_self\">Read More<\/a>                <\/div>\n            <\/div>\n        <\/div>\n\t\t        <\/div>\n    <\/div>\n<\/div>\n<div class=\"rt-col-md-4 rt-col-sm-6 rt-col-xs-12 default rt-grid-item post-6733 post type-post status-publish format-standard has-post-thumbnail hentry category-article-de-blogue tag-scandium-fr tag-scandium-canada-fr-ca\"        data-id=\"6733\">\n    <div class=\"rt-holder tpg-post-holder \">\n        <div class=\"rt-detail rt-el-content-wrapper\">\n\t\t\t                <div class=\"rt-img-holder tpg-el-image-wrap has-thumbnail\">\n\t\t\t\t\t<a data-id=\"6733\" href=\"https:\/\/scandium-canada.com\/fr-ca\/scandium-canada-une-tournee-prometteuse-en-asie\/\" class=\"tpg-post-link\" target=\"_self\">                        <img decoding=\"async\" src=\"https:\/\/wp-sccanada-2024.s3.ca-central-1.amazonaws.com\/media\/2024\/11\/20055047\/Guy-Blog-Pic-768x625.jpg\"\n                             class=\"rt-img-responsive\"\n                             width=\"768\"\n                             height=\"625\"\n                             alt=\"Scandium Canada &#8211; Une tourn\u00e9e prometteuse en Asie\">\n\t\t\t\t\t\t\n\t\t\t\t\t\t\t\n\t\t<\/a>\n\t\t        <div class=\"overlay grid-hover-content\"><\/div>\n\t\t                <\/div>\n\t\t\t\n\t\t\t<div class=\"entry-title-wrapper\"><h3 class=\"entry-title\"><a data-id=\"6733\" href=\"https:\/\/scandium-canada.com\/fr-ca\/scandium-canada-une-tournee-prometteuse-en-asie\/\" class=\"tpg-post-link\" target=\"_self\">Scandium Canada &#8211; Une tourn\u00e9e prometteuse en Asie<\/a><\/h3><\/div>\n\t\t\t                <div class=\"post-meta-tags rt-el-post-meta\">\n\t\t\t\t\t            <span class='date'>\n\t\t\t\t<i class='far fa-calendar-alt '><\/i>\t\t\t\t                    <a href=\"https:\/\/scandium-canada.com\/fr-ca\/2024\/11\/20\/\">\n\t\t\t\t\tnovembre 20, 2024\t\t\t\t<\/a>\n\t\t\t\t\t\t\t<\/span>\n\t\t\t                <\/div>\n\t\t\t\n\n\t\t\t                <div class=\"tpg-excerpt tpg-el-excerpt\">\n\t\t\t\t\t                        <div class=\"tpg-excerpt-inner\">\n\t\t\t\t\t\t\tScandium Canada &#8211; Une tourn\u00e9e prometteuse en Asie 20 novembre 2024 En octobre dernier, le PDG Guy Bourassa a effectu\u00e9 une importante mission en Asie (Hong Kong et Singapour), qui s&rsquo;est...                        <\/div>\n\t\t\t\t\t\t\t\t\t\t                <\/div>\n\t\t\t\n\t\t\t        <div class=\"post-footer\">\n            <div class=\"post-footer\">\n                <div class=\"read-more\">\n\t\t\t\t\t<a data-id=\"6733\" href=\"https:\/\/scandium-canada.com\/fr-ca\/scandium-canada-une-tournee-prometteuse-en-asie\/\" class=\"tpg-post-link\" target=\"_self\">Read More<\/a>                <\/div>\n            <\/div>\n        <\/div>\n\t\t        <\/div>\n    <\/div>\n<\/div>\n\t\t\t<\/div>\n\t\t\t\n\t\t<\/div>\n\t\t\t\t\t\t<\/div>\n\t\t\t\t<\/div>\n\t\t\t\t<\/div>\n\t\t<div class=\"elementor-element elementor-element-6e2af05 e-con-full e-flex e-con e-child\" data-id=\"6e2af05\" data-element_type=\"container\" data-e-type=\"container\">\n\t\t\t\t<div class=\"elementor-element elementor-element-1dd5b00 elementor-widget elementor-widget-heading\" data-id=\"1dd5b00\" data-element_type=\"widget\" data-e-type=\"widget\" data-widget_type=\"heading.default\">\n\t\t\t\t<div class=\"elementor-widget-container\">\n\t\t\t\t\t<h1 class=\"elementor-heading-title elementor-size-default\">Facebook<\/h1>\t\t\t\t<\/div>\n\t\t\t\t<\/div>\n\t\t\t\t<div class=\"elementor-element elementor-element-baacf2b elementor-widget elementor-widget-html\" data-id=\"baacf2b\" data-element_type=\"widget\" data-e-type=\"widget\" data-widget_type=\"html.default\">\n\t\t\t\t<div class=\"elementor-widget-container\">\n\t\t\t\t\t<div id=\"fb-root\"><\/div>\n<script async=\"\" defer crossorigin=\"anonymous\" src=\"https:\/\/connect.facebook.net\/fr_FR\/sdk.js#xfbml=1&amp;version=v19.0\" nonce=\"ts0thCdr\"><\/script>\n<div class=\"fb-page\" data-href=\"https:\/\/www.facebook.com\/ScandiumCanada\/\" data-tabs=\"timeline,events,messages\" data-width=\"500\" data-height=\"1000\" data-small-header=\"false\" data-adapt-container-width=\"true\" data-hide-cover=\"false\" data-show-facepile=\"true\"><blockquote cite=\"https:\/\/www.facebook.com\/ScandiumCanada\/\" class=\"fb-xfbml-parse-ignore\"><a href=\"https:\/\/www.facebook.com\/ScandiumCanada\/\">Scandium Canada<\/a><\/blockquote><\/div>\t\t\t\t<\/div>\n\t\t\t\t<\/div>\n\t\t\t\t<\/div>\n\t\t\t\t\t<\/div>\n\t\t\t\t<\/div>\n\t\t\t\t<\/div>\n\t\t","protected":false},"excerpt":{"rendered":"<p>Blogue Publications r\u00e9cente Scandium Canada on a Growth Path in 2025 February 10, 2025 February 10, 2025 After a successful 2024 marked by numerous positive meetings, 2025 will be dedicated to following up and consolidating partnerships for Scandium Canada (TSX-V: SCD). Guy Bourassa&#8230; Read More Scandium Canada &#8211; A Promising Tour of Asia November 20, &#8230; <a title=\"Scandium Canada &#8211; Une tourn\u00e9e prometteuse en Asie\" class=\"read-more\" href=\"https:\/\/scandium-canada.com\/fr-ca\/scandium-canada-une-tournee-prometteuse-en-asie\/\" aria-label=\"Read more about Scandium Canada &#8211; Une tourn\u00e9e prometteuse en Asie\">Read more<\/a><\/p>\n","protected":false},"author":7,"featured_media":0,"parent":0,"menu_order":0,"comment_status":"closed","ping_status":"closed","template":"","meta":{"_monsterinsights_skip_tracking":false,"_monsterinsights_sitenote_active":false,"_monsterinsights_sitenote_note":"","_monsterinsights_sitenote_category":0,"_uf_show_specific_survey":0,"_uf_disable_surveys":false,"footnotes":""},"class_list":["post-5666","page","type-page","status-publish","hentry"],"aioseo_notices":[],"rttpg_featured_image_url":null,"rttpg_author":{"display_name":"Scandium Canada","author_link":"https:\/\/scandium-canada.com\/fr-ca\/author\/scandium-canada\/"},"rttpg_comment":0,"rttpg_category":"","rttpg_excerpt":"Blogue Publications r\u00e9cente Scandium Canada on a Growth Path in 2025 February 10, 2025 February 10, 2025 After a successful 2024 marked by numerous positive meetings, 2025 will be dedicated to following up and consolidating partnerships for Scandium Canada (TSX-V: SCD). Guy Bourassa&#8230; Read More Scandium Canada &#8211; A Promising Tour of Asia November 20,&hellip;","_links":{"self":[{"href":"https:\/\/scandium-canada.com\/fr-ca\/wp-json\/wp\/v2\/pages\/5666","targetHints":{"allow":["GET"]}}],"collection":[{"href":"https:\/\/scandium-canada.com\/fr-ca\/wp-json\/wp\/v2\/pages"}],"about":[{"href":"https:\/\/scandium-canada.com\/fr-ca\/wp-json\/wp\/v2\/types\/page"}],"author":[{"embeddable":true,"href":"https:\/\/scandium-canada.com\/fr-ca\/wp-json\/wp\/v2\/users\/7"}],"replies":[{"embeddable":true,"href":"https:\/\/scandium-canada.com\/fr-ca\/wp-json\/wp\/v2\/comments?post=5666"}],"version-history":[{"count":0,"href":"https:\/\/scandium-canada.com\/fr-ca\/wp-json\/wp\/v2\/pages\/5666\/revisions"}],"wp:attachment":[{"href":"https:\/\/scandium-canada.com\/fr-ca\/wp-json\/wp\/v2\/media?parent=5666"}],"curies":[{"name":"wp","href":"https:\/\/api.w.org\/{rel}","templated":true}]}}