{"id":6213,"date":"2024-04-25T20:50:54","date_gmt":"2024-04-25T20:50:54","guid":{"rendered":"https:\/\/210.71f.mytemp.website\/communautes\/"},"modified":"2025-09-14T21:34:11","modified_gmt":"2025-09-14T21:34:11","slug":"communautes","status":"publish","type":"page","link":"https:\/\/scandium-canada.com\/fr-ca\/communautes\/","title":{"rendered":"Communaut\u00e9s"},"content":{"rendered":"\t\t<div data-elementor-type=\"wp-page\" data-elementor-id=\"6213\" class=\"elementor elementor-6213 elementor-2585\" data-elementor-post-type=\"page\">\n\t\t\t\t\t\t<section class=\"elementor-section elementor-top-section elementor-element elementor-element-fd07f6f elementor-section-full_width elementor-section-height-min-height elementor-section-height-default elementor-section-items-middle\" data-id=\"fd07f6f\" data-element_type=\"section\" data-e-type=\"section\" data-settings=\"{&quot;background_background&quot;:&quot;classic&quot;}\">\n\t\t\t\t\t\t<div class=\"elementor-container elementor-column-gap-default\">\n\t\t\t\t\t<div class=\"elementor-column elementor-col-100 elementor-top-column elementor-element elementor-element-c6c10c2\" data-id=\"c6c10c2\" data-element_type=\"column\" data-e-type=\"column\">\n\t\t\t<div class=\"elementor-widget-wrap elementor-element-populated\">\n\t\t\t\t\t\t<div class=\"elementor-element elementor-element-4fd52bc elementor-widget elementor-widget-heading\" data-id=\"4fd52bc\" data-element_type=\"widget\" data-e-type=\"widget\" data-widget_type=\"heading.default\">\n\t\t\t\t<div class=\"elementor-widget-container\">\n\t\t\t\t\t<h2 class=\"elementor-heading-title elementor-size-default\">Communaut\u00e9s<\/h2>\t\t\t\t<\/div>\n\t\t\t\t<\/div>\n\t\t\t\t\t<\/div>\n\t\t<\/div>\n\t\t\t\t\t<\/div>\n\t\t<\/section>\n\t\t\t\t<section class=\"elementor-section elementor-top-section elementor-element elementor-element-st0yolg elementor-section-content-top elementor-section-boxed elementor-section-height-default elementor-section-height-default\" data-id=\"st0yolg\" data-element_type=\"section\" data-e-type=\"section\" data-settings=\"{&quot;background_background&quot;:&quot;classic&quot;}\">\n\t\t\t\t\t\t\t<div class=\"elementor-background-overlay\"><\/div>\n\t\t\t\t\t\t\t<div class=\"elementor-container elementor-column-gap-no\">\n\t\t\t\t\t<div class=\"elementor-column elementor-col-100 elementor-top-column elementor-element elementor-element-5312e3d\" data-id=\"5312e3d\" data-element_type=\"column\" data-e-type=\"column\">\n\t\t\t<div class=\"elementor-widget-wrap elementor-element-populated\">\n\t\t\t\t\t\t<div class=\"elementor-element elementor-element-f8e2218 elementor-widget elementor-widget-heading\" data-id=\"f8e2218\" data-element_type=\"widget\" data-e-type=\"widget\" data-widget_type=\"heading.default\">\n\t\t\t\t<div class=\"elementor-widget-container\">\n\t\t\t\t\t<h2 class=\"elementor-heading-title elementor-size-default\">Scandium Canada est une entreprise canadienne de m\u00e9taux strat\u00e9giques dont l\u2019objectif est de faire progresser sa propri\u00e9t\u00e9 Crater Lake Scandium au Qu\u00e9bec. Nous sommes fiers d\u2019annoncer un accord de pr\u00e9\u2011d\u00e9veloppement avec la Nation naskapie de Kawawachikamach. <\/h2>\t\t\t\t<\/div>\n\t\t\t\t<\/div>\n\t\t\t\t<div class=\"elementor-element elementor-element-ea50b30 elementor-align-center elementor-widget elementor-widget-button\" data-id=\"ea50b30\" data-element_type=\"widget\" data-e-type=\"widget\" data-widget_type=\"button.default\">\n\t\t\t\t<div class=\"elementor-widget-container\">\n\t\t\t\t\t\t\t\t\t<div class=\"elementor-button-wrapper\">\n\t\t\t\t\t<a class=\"elementor-button elementor-button-link elementor-size-md\" href=\"https:\/\/wp-sccanada-2024.s3.ca-central-1.amazonaws.com\/media\/2024\/04\/25221348\/PDA-Scandium-Canada-NNK-Final-Signed-04-19-2024pdf.pdf\" target=\"_blank\">\n\t\t\t\t\t\t<span class=\"elementor-button-content-wrapper\">\n\t\t\t\t\t\t<span class=\"elementor-button-icon\">\n\t\t\t\t<svg aria-hidden=\"true\" class=\"e-font-icon-svg e-fas-arrow-right\" viewBox=\"0 0 448 512\" xmlns=\"http:\/\/www.w3.org\/2000\/svg\"><path d=\"M190.5 66.9l22.2-22.2c9.4-9.4 24.6-9.4 33.9 0L441 239c9.4 9.4 9.4 24.6 0 33.9L246.6 467.3c-9.4 9.4-24.6 9.4-33.9 0l-22.2-22.2c-9.5-9.5-9.3-25 .4-34.3L311.4 296H24c-13.3 0-24-10.7-24-24v-32c0-13.3 10.7-24 24-24h287.4L190.9 101.2c-9.8-9.3-10-24.8-.4-34.3z\"><\/path><\/svg>\t\t\t<\/span>\n\t\t\t\t\t\t\t\t\t<span class=\"elementor-button-text\">Cliquer ici pour lire l\u2019accord complet de pr\u00e9\u2011d\u00e9veloppement<\/span>\n\t\t\t\t\t<\/span>\n\t\t\t\t\t<\/a>\n\t\t\t\t<\/div>\n\t\t\t\t\t\t\t\t<\/div>\n\t\t\t\t<\/div>\n\t\t\t\t\t<\/div>\n\t\t<\/div>\n\t\t\t\t\t<\/div>\n\t\t<\/section>\n\t\t\t\t<section class=\"elementor-section elementor-top-section elementor-element elementor-element-4db05ed elementor-section-content-top elementor-section-boxed elementor-section-height-default elementor-section-height-default\" data-id=\"4db05ed\" data-element_type=\"section\" data-e-type=\"section\" data-settings=\"{&quot;background_background&quot;:&quot;classic&quot;}\">\n\t\t\t\t\t\t\t<div class=\"elementor-background-overlay\"><\/div>\n\t\t\t\t\t\t\t<div class=\"elementor-container elementor-column-gap-no\">\n\t\t\t\t\t<div class=\"elementor-column elementor-col-50 elementor-top-column elementor-element elementor-element-603d4ee\" data-id=\"603d4ee\" data-element_type=\"column\" data-e-type=\"column\">\n\t\t\t<div class=\"elementor-widget-wrap elementor-element-populated\">\n\t\t\t\t\t\t<div class=\"elementor-element elementor-element-dceb01e elementor-widget elementor-widget-image\" data-id=\"dceb01e\" data-element_type=\"widget\" data-e-type=\"widget\" data-widget_type=\"image.default\">\n\t\t\t\t<div class=\"elementor-widget-container\">\n\t\t\t\t\t\t\t\t\t\t\t\t\t\t\t<img fetchpriority=\"high\" decoding=\"async\" width=\"447\" height=\"238\" src=\"https:\/\/wp-sccanada-2024.s3.ca-central-1.amazonaws.com\/media\/2024\/04\/25215419\/Naskapi.png\" class=\"attachment-medium_large size-medium_large wp-image-2589\" alt=\"\" srcset=\"https:\/\/wp-sccanada-2024.s3.ca-central-1.amazonaws.com\/media\/2024\/04\/25215419\/Naskapi.png 447w, https:\/\/wp-sccanada-2024.s3.ca-central-1.amazonaws.com\/media\/2024\/04\/25215419\/Naskapi-300x160.png 300w\" sizes=\"(max-width: 447px) 100vw, 447px\" \/>\t\t\t\t\t\t\t\t\t\t\t\t\t\t\t<\/div>\n\t\t\t\t<\/div>\n\t\t\t\t\t<\/div>\n\t\t<\/div>\n\t\t\t\t<div class=\"elementor-column elementor-col-50 elementor-top-column elementor-element elementor-element-e5cb14b\" data-id=\"e5cb14b\" data-element_type=\"column\" data-e-type=\"column\">\n\t\t\t<div class=\"elementor-widget-wrap elementor-element-populated\">\n\t\t\t\t\t\t<div class=\"elementor-element elementor-element-cdff57e elementor-widget__width-initial elementor-widget elementor-widget-heading\" data-id=\"cdff57e\" data-element_type=\"widget\" data-e-type=\"widget\" data-widget_type=\"heading.default\">\n\t\t\t\t<div class=\"elementor-widget-container\">\n\t\t\t\t\t<h2 class=\"elementor-heading-title elementor-size-default\">La nation Naskapie de Kawawachikamach<\/h2>\t\t\t\t<\/div>\n\t\t\t\t<\/div>\n\t\t\t\t<div class=\"elementor-element elementor-element-4c70ae6 elementor-widget elementor-widget-text-editor\" data-id=\"4c70ae6\" data-element_type=\"widget\" data-e-type=\"widget\" data-widget_type=\"text-editor.default\">\n\t\t\t\t<div class=\"elementor-widget-container\">\n\t\t\t\t\t\t\t\t\t<p>Le peuple Naskapie habite les terres de ce qui est maintenant le nord du Qu\u00e9bec et du Labrador depuis la nuit des temps. Nos anc\u00eatres \u00e9taient nomades, vivant de la terre et suivant les troupeaux de caribous dont ils d\u00e9pendaient pour leurs ressources. Dans les ann\u00e9es 1950, notre mode de vie a chang\u00e9 quand la plupart des Naskapie ont d\u00e9m\u00e9nag\u00e9 de Fort Chimo vers la r\u00e9gion de Schefferville.  <\/p>\t\t\t\t\t\t\t\t<\/div>\n\t\t\t\t<\/div>\n\t\t\t\t<div class=\"elementor-element elementor-element-b16492c elementor-align-center elementor-widget elementor-widget-button\" data-id=\"b16492c\" data-element_type=\"widget\" data-e-type=\"widget\" data-widget_type=\"button.default\">\n\t\t\t\t<div class=\"elementor-widget-container\">\n\t\t\t\t\t\t\t\t\t<div class=\"elementor-button-wrapper\">\n\t\t\t\t\t<a class=\"elementor-button elementor-button-link elementor-size-md\" href=\"https:\/\/naskapi.ca\/\" target=\"_blank\">\n\t\t\t\t\t\t<span class=\"elementor-button-content-wrapper\">\n\t\t\t\t\t\t<span class=\"elementor-button-icon\">\n\t\t\t\t<svg aria-hidden=\"true\" class=\"e-font-icon-svg e-fas-arrow-right\" viewBox=\"0 0 448 512\" xmlns=\"http:\/\/www.w3.org\/2000\/svg\"><path d=\"M190.5 66.9l22.2-22.2c9.4-9.4 24.6-9.4 33.9 0L441 239c9.4 9.4 9.4 24.6 0 33.9L246.6 467.3c-9.4 9.4-24.6 9.4-33.9 0l-22.2-22.2c-9.5-9.5-9.3-25 .4-34.3L311.4 296H24c-13.3 0-24-10.7-24-24v-32c0-13.3 10.7-24 24-24h287.4L190.9 101.2c-9.8-9.3-10-24.8-.4-34.3z\"><\/path><\/svg>\t\t\t<\/span>\n\t\t\t\t\t\t\t\t\t<span class=\"elementor-button-text\">Apprendre sur la nation Naskapie<\/span>\n\t\t\t\t\t<\/span>\n\t\t\t\t\t<\/a>\n\t\t\t\t<\/div>\n\t\t\t\t\t\t\t\t<\/div>\n\t\t\t\t<\/div>\n\t\t\t\t<div class=\"elementor-element elementor-element-dadf12e elementor-widget elementor-widget-spacer\" data-id=\"dadf12e\" data-element_type=\"widget\" data-e-type=\"widget\" data-widget_type=\"spacer.default\">\n\t\t\t\t<div class=\"elementor-widget-container\">\n\t\t\t\t\t\t\t<div class=\"elementor-spacer\">\n\t\t\t<div class=\"elementor-spacer-inner\"><\/div>\n\t\t<\/div>\n\t\t\t\t\t\t<\/div>\n\t\t\t\t<\/div>\n\t\t\t\t\t<\/div>\n\t\t<\/div>\n\t\t\t\t\t<\/div>\n\t\t<\/section>\n\t\t\t\t<section class=\"elementor-section elementor-top-section elementor-element elementor-element-bc7e47f elementor-section-content-top elementor-section-boxed elementor-section-height-default elementor-section-height-default\" data-id=\"bc7e47f\" data-element_type=\"section\" data-e-type=\"section\" data-settings=\"{&quot;background_background&quot;:&quot;classic&quot;}\">\n\t\t\t\t\t\t\t<div class=\"elementor-background-overlay\"><\/div>\n\t\t\t\t\t\t\t<div class=\"elementor-container elementor-column-gap-no\">\n\t\t\t\t\t<div class=\"elementor-column elementor-col-50 elementor-top-column elementor-element elementor-element-3284680\" data-id=\"3284680\" data-element_type=\"column\" data-e-type=\"column\">\n\t\t\t<div class=\"elementor-widget-wrap elementor-element-populated\">\n\t\t\t\t\t\t<div class=\"elementor-element elementor-element-6dfd3fc elementor-widget elementor-widget-image\" data-id=\"6dfd3fc\" data-element_type=\"widget\" data-e-type=\"widget\" data-widget_type=\"image.default\">\n\t\t\t\t<div class=\"elementor-widget-container\">\n\t\t\t\t\t\t\t\t\t\t\t\t\t\t\t<img decoding=\"async\" width=\"768\" height=\"987\" src=\"https:\/\/wp-sccanada-2024.s3.ca-central-1.amazonaws.com\/media\/2024\/04\/25214633\/Caribou-768x987.png\" class=\"attachment-medium_large size-medium_large wp-image-2588\" alt=\"\" srcset=\"https:\/\/wp-sccanada-2024.s3.ca-central-1.amazonaws.com\/media\/2024\/04\/25214633\/Caribou-768x987.png 768w, https:\/\/wp-sccanada-2024.s3.ca-central-1.amazonaws.com\/media\/2024\/04\/25214633\/Caribou-233x300.png 233w, https:\/\/wp-sccanada-2024.s3.ca-central-1.amazonaws.com\/media\/2024\/04\/25214633\/Caribou-797x1024.png 797w, https:\/\/wp-sccanada-2024.s3.ca-central-1.amazonaws.com\/media\/2024\/04\/25214633\/Caribou-1195x1536.png 1195w, https:\/\/wp-sccanada-2024.s3.ca-central-1.amazonaws.com\/media\/2024\/04\/25214633\/Caribou.png 1556w\" sizes=\"(max-width: 768px) 100vw, 768px\" \/>\t\t\t\t\t\t\t\t\t\t\t\t\t\t\t<\/div>\n\t\t\t\t<\/div>\n\t\t\t\t\t<\/div>\n\t\t<\/div>\n\t\t\t\t<div class=\"elementor-column elementor-col-50 elementor-top-column elementor-element elementor-element-9716119\" data-id=\"9716119\" data-element_type=\"column\" data-e-type=\"column\">\n\t\t\t<div class=\"elementor-widget-wrap elementor-element-populated\">\n\t\t\t\t\t\t<div class=\"elementor-element elementor-element-ea41ae2 elementor-widget__width-initial elementor-widget elementor-widget-heading\" data-id=\"ea41ae2\" data-element_type=\"widget\" data-e-type=\"widget\" data-widget_type=\"heading.default\">\n\t\t\t\t<div class=\"elementor-widget-container\">\n\t\t\t\t\t<h2 class=\"elementor-heading-title elementor-size-default\">Relations n\u00e9cessaires et durables<\/h2>\t\t\t\t<\/div>\n\t\t\t\t<\/div>\n\t\t\t\t<div class=\"elementor-element elementor-element-f4ae03a elementor-widget elementor-widget-text-editor\" data-id=\"f4ae03a\" data-element_type=\"widget\" data-e-type=\"widget\" data-widget_type=\"text-editor.default\">\n\t\t\t\t<div class=\"elementor-widget-container\">\n\t\t\t\t\t\t\t\t\t<p>Scandium Canada adopte une approche unique en mati\u00e8re de durabilit\u00e9 environnementale et sociale. Plut\u00f4t que de simplement chercher \u00e0 minimiser les impacts n\u00e9gatifs de ses op\u00e9rations, Scandium Canada s\u2019est engag\u00e9 \u00e0 soutenir le renforcement des capacit\u00e9s dans un cadre environnemental durable. Cela signifie investir dans des programmes et des initiatives qui permettent aux communaut\u00e9s locales de mieux g\u00e9rer leurs ressources naturelles de mani\u00e8re respectueuse de l\u2019environnement et responsable sur le plan social. Une des mani\u00e8res dont Scandium Canada a mis en \u0153uvre cette approche est via des partenariats avec des universit\u00e9s locales et des institutions de recherche.   <\/p><p>En travaillant ensemble, l\u2019entreprise peut soutenir des projets de recherche et d\u00e9veloppement ax\u00e9s sur des pratiques de gestion durable des ressources, comme la gestion fond\u00e9e sur les \u00e9cosyst\u00e8mes et la conservation de la biodiversit\u00e9. Cela contribue \u00e0 b\u00e2tir les capacit\u00e9s locales et g\u00e9n\u00e8re des connaissances pr\u00e9cieuses pouvant \u00eatre utilis\u00e9es pour \u00e9clairer les plans de gestion environnementale de l\u2019entreprise. <\/p><p>Scandium Canada a \u00e9galement mis en place des programmes visant \u00e0 appuyer le d\u00e9veloppement \u00e9conomique des communaut\u00e9s locales en offrant des formations et des opportunit\u00e9s d\u2019emploi dans l\u2019industrie mini\u00e8re. Ces programmes sont con\u00e7us pour que les communaut\u00e9s locales b\u00e9n\u00e9ficient des opportunit\u00e9s \u00e9conomiques offertes par l\u2019industrie mini\u00e8re, tout en veillant \u00e0 ce que les impacts environnementaux et sociaux des op\u00e9rations de l\u2019entreprise soient minimis\u00e9s. En adoptant cette approche singuli\u00e8re de durabilit\u00e9 sociale et environnementale, Scandium Canada donne l\u2019exemple pour les autres entreprises mini\u00e8res. Plut\u00f4t que de simplement chercher \u00e0 limiter les effets n\u00e9gatifs, l\u2019entreprise travaille activement \u00e0 renforcer la capacit\u00e9 des communaut\u00e9s locales \u00e0 g\u00e9rer leurs ressources naturelles de mani\u00e8re \u00e9cologiquement saine et socialement responsable. Cette approche profite aux communaut\u00e9s locales et aide \u00e0 assurer la durabilit\u00e9 \u00e0 long terme des op\u00e9rations de l\u2019entreprise.    <\/p>\t\t\t\t\t\t\t\t<\/div>\n\t\t\t\t<\/div>\n\t\t\t\t\t<\/div>\n\t\t<\/div>\n\t\t\t\t\t<\/div>\n\t\t<\/section>\n\t\t\t\t<\/div>\n\t\t","protected":false},"excerpt":{"rendered":"<p>Communaut\u00e9s Scandium Canada est une entreprise canadienne de m\u00e9taux strat\u00e9giques dont l\u2019objectif est de faire progresser sa propri\u00e9t\u00e9 Crater Lake Scandium au Qu\u00e9bec. Nous sommes fiers d\u2019annoncer un accord de pr\u00e9\u2011d\u00e9veloppement avec la Nation naskapie de Kawawachikamach. Cliquer ici pour lire l\u2019accord complet de pr\u00e9\u2011d\u00e9veloppement La nation Naskapie de Kawawachikamach Le peuple Naskapie habite les &#8230; <a title=\"Communaut\u00e9s\" class=\"read-more\" href=\"https:\/\/scandium-canada.com\/fr-ca\/communautes\/\" aria-label=\"Read more about Communaut\u00e9s\">Read more<\/a><\/p>\n","protected":false},"author":7,"featured_media":0,"parent":0,"menu_order":0,"comment_status":"closed","ping_status":"closed","template":"","meta":{"_monsterinsights_skip_tracking":false,"_monsterinsights_sitenote_active":false,"_monsterinsights_sitenote_note":"","_monsterinsights_sitenote_category":0,"_uf_show_specific_survey":0,"_uf_disable_surveys":false,"footnotes":""},"class_list":["post-6213","page","type-page","status-publish"],"aioseo_notices":[],"rttpg_featured_image_url":null,"rttpg_author":{"display_name":"Scandium Canada","author_link":"https:\/\/scandium-canada.com\/fr-ca\/author\/scandium-canada\/"},"rttpg_comment":0,"rttpg_category":" <a href=\"https:\/\/scandium-canada.com\/fr-ca\/?taxonomy=translation_priority&#038;term=optional-fr-ca\" rel=\"tag\">Optional<\/a>","rttpg_excerpt":"Communaut\u00e9s Scandium Canada est une entreprise canadienne de m\u00e9taux strat\u00e9giques dont l\u2019objectif est de faire progresser sa propri\u00e9t\u00e9 Crater Lake Scandium au Qu\u00e9bec. Nous sommes fiers d\u2019annoncer un accord de pr\u00e9\u2011d\u00e9veloppement avec la Nation naskapie de Kawawachikamach. Cliquer ici pour lire l\u2019accord complet de pr\u00e9\u2011d\u00e9veloppement La nation Naskapie de Kawawachikamach Le peuple Naskapie habite les&hellip;","_links":{"self":[{"href":"https:\/\/scandium-canada.com\/fr-ca\/wp-json\/wp\/v2\/pages\/6213","targetHints":{"allow":["GET"]}}],"collection":[{"href":"https:\/\/scandium-canada.com\/fr-ca\/wp-json\/wp\/v2\/pages"}],"about":[{"href":"https:\/\/scandium-canada.com\/fr-ca\/wp-json\/wp\/v2\/types\/page"}],"author":[{"embeddable":true,"href":"https:\/\/scandium-canada.com\/fr-ca\/wp-json\/wp\/v2\/users\/7"}],"replies":[{"embeddable":true,"href":"https:\/\/scandium-canada.com\/fr-ca\/wp-json\/wp\/v2\/comments?post=6213"}],"version-history":[{"count":0,"href":"https:\/\/scandium-canada.com\/fr-ca\/wp-json\/wp\/v2\/pages\/6213\/revisions"}],"wp:attachment":[{"href":"https:\/\/scandium-canada.com\/fr-ca\/wp-json\/wp\/v2\/media?parent=6213"}],"curies":[{"name":"wp","href":"https:\/\/api.w.org\/{rel}","templated":true}]}}