{"id":6423,"date":"2025-09-14T19:30:27","date_gmt":"2025-09-14T19:30:27","guid":{"rendered":"https:\/\/210.71f.mytemp.website\/?page_id=6423"},"modified":"2026-03-20T16:16:05","modified_gmt":"2026-03-20T16:16:05","slug":"investisseurs","status":"publish","type":"page","link":"https:\/\/scandium-canada.com\/fr-ca\/investisseurs\/","title":{"rendered":"Investisseurs"},"content":{"rendered":"\t\t<div data-elementor-type=\"wp-page\" data-elementor-id=\"6423\" class=\"elementor elementor-6423 elementor-6422\" data-elementor-post-type=\"page\">\n\t\t\t\t\t\t<section class=\"elementor-section elementor-top-section elementor-element elementor-element-fd07f6f elementor-section-full_width elementor-section-height-min-height elementor-section-height-default elementor-section-items-middle\" data-id=\"fd07f6f\" data-element_type=\"section\" data-e-type=\"section\" data-settings=\"{&quot;background_background&quot;:&quot;classic&quot;}\">\n\t\t\t\t\t\t<div class=\"elementor-container elementor-column-gap-default\">\n\t\t\t\t\t<div class=\"elementor-column elementor-col-100 elementor-top-column elementor-element elementor-element-c6c10c2\" data-id=\"c6c10c2\" data-element_type=\"column\" data-e-type=\"column\">\n\t\t\t<div class=\"elementor-widget-wrap elementor-element-populated\">\n\t\t\t\t\t\t<div class=\"elementor-element elementor-element-4fd52bc elementor-widget elementor-widget-heading\" data-id=\"4fd52bc\" data-element_type=\"widget\" data-e-type=\"widget\" data-widget_type=\"heading.default\">\n\t\t\t\t<div class=\"elementor-widget-container\">\n\t\t\t\t\t<h2 class=\"elementor-heading-title elementor-size-default\">Investisseurs<\/h2>\t\t\t\t<\/div>\n\t\t\t\t<\/div>\n\t\t\t\t\t<\/div>\n\t\t<\/div>\n\t\t\t\t\t<\/div>\n\t\t<\/section>\n\t\t\t\t<section class=\"elementor-section elementor-top-section elementor-element elementor-element-dfda99e elementor-section-content-middle elementor-reverse-mobile elementor-section-boxed elementor-section-height-default elementor-section-height-default\" data-id=\"dfda99e\" data-element_type=\"section\" data-e-type=\"section\" data-settings=\"{&quot;background_background&quot;:&quot;classic&quot;}\">\n\t\t\t\t\t\t<div class=\"elementor-container elementor-column-gap-no\">\n\t\t\t\t\t<div class=\"elementor-column elementor-col-100 elementor-top-column elementor-element elementor-element-e597701\" data-id=\"e597701\" data-element_type=\"column\" data-e-type=\"column\">\n\t\t\t<div class=\"elementor-widget-wrap elementor-element-populated\">\n\t\t\t\t\t\t<div class=\"elementor-element elementor-element-14697b4 elementor-widget elementor-widget-heading\" data-id=\"14697b4\" data-element_type=\"widget\" data-e-type=\"widget\" data-widget_type=\"heading.default\">\n\t\t\t\t<div class=\"elementor-widget-container\">\n\t\t\t\t\t<h2 class=\"elementor-heading-title elementor-size-default\">Informations boursi\u00e8res <\/h2>\t\t\t\t<\/div>\n\t\t\t\t<\/div>\n\t\t\t\t<div class=\"elementor-element elementor-element-1a5af27 elementor-widget elementor-widget-text-editor\" data-id=\"1a5af27\" data-element_type=\"widget\" data-e-type=\"widget\" data-widget_type=\"text-editor.default\">\n\t\t\t\t<div class=\"elementor-widget-container\">\n\t\t\t\t\t\t\t\t\t<p style=\"text-align: center;\"><span style=\"color: #000000;\">Bourse de Toronto en temps r\u00e9el :<\/span> <a href=\"https:\/\/money.tmx.com\/quote\/SCD\">Actions Scandium Canada<\/a><\/p>\t\t\t\t\t\t\t\t<\/div>\n\t\t\t\t<\/div>\n\t\t\t\t<div class=\"elementor-element elementor-element-be77811 elementor-widget elementor-widget-html\" data-id=\"be77811\" data-element_type=\"widget\" data-e-type=\"widget\" data-widget_type=\"html.default\">\n\t\t\t\t<div class=\"elementor-widget-container\">\n\t\t\t\t\t<iframe src=\"https:\/\/feed.adnet.dev\/scandiumcanada\/charts-tsxv.html\" width=\"100%\" style=\"border: 0px; width: 100%; height: 540px;\"><\/iframe>\n<iframe src=\"https:\/\/feed.adnet.dev\/scandiumcanada\/quotes-tsxv.html?v=2\" width=\"100%\" style=\"border: 0px; width: 100%; height: 540px;\"><\/iframe>\t\t\t\t<\/div>\n\t\t\t\t<\/div>\n\t\t\t\t\t<\/div>\n\t\t<\/div>\n\t\t\t\t\t<\/div>\n\t\t<\/section>\n\t\t\t\t<section class=\"elementor-section elementor-top-section elementor-element elementor-element-bfc5fd6 elementor-section-content-middle elementor-reverse-mobile elementor-section-full_width elementor-section-height-default elementor-section-height-default\" data-id=\"bfc5fd6\" data-element_type=\"section\" data-e-type=\"section\" data-settings=\"{&quot;background_background&quot;:&quot;classic&quot;}\">\n\t\t\t\t\t\t<div class=\"elementor-container elementor-column-gap-no\">\n\t\t\t\t\t<div class=\"elementor-column elementor-col-100 elementor-top-column elementor-element elementor-element-5b2c15b\" data-id=\"5b2c15b\" data-element_type=\"column\" data-e-type=\"column\">\n\t\t\t<div class=\"elementor-widget-wrap elementor-element-populated\">\n\t\t\t\t\t\t<div class=\"elementor-element elementor-element-1bc8194 elementor-widget elementor-widget-text-editor\" data-id=\"1bc8194\" data-element_type=\"widget\" data-e-type=\"widget\" data-widget_type=\"text-editor.default\">\n\t\t\t\t<div class=\"elementor-widget-container\">\n\t\t\t\t\t\t\t\t\t<h2 style=\"text-align: center;\"><strong>Pr\u00e9sentation de l&rsquo;entreprise et fiche d&rsquo;information<\/strong><\/h2>\t\t\t\t\t\t\t\t<\/div>\n\t\t\t\t<\/div>\n\t\t\t\t<div class=\"elementor-element elementor-element-a689f5a elementor-widget elementor-widget-text-editor\" data-id=\"a689f5a\" data-element_type=\"widget\" data-e-type=\"widget\" data-widget_type=\"text-editor.default\">\n\t\t\t\t<div class=\"elementor-widget-container\">\n\t\t\t\t\t\t\t\t\t<p style=\"text-align: center;\"><span style=\"color: #000000;\">Pour en savoir plus sur Scandium Canada, consultez notre <\/span><span style=\"color: #000000;\">page<\/span><br><a href=\"https:\/\/scandium-canada.com\/fr-ca\/a-propos\/\">\u00c0 propos<\/a><\/p>\t\t\t\t\t\t\t\t<\/div>\n\t\t\t\t<\/div>\n\t\t\t\t<section class=\"elementor-section elementor-inner-section elementor-element elementor-element-f28e717 elementor-section-boxed elementor-section-height-default elementor-section-height-default\" data-id=\"f28e717\" data-element_type=\"section\" data-e-type=\"section\">\n\t\t\t\t\t\t<div class=\"elementor-container elementor-column-gap-default\">\n\t\t\t\t\t<div class=\"elementor-column elementor-col-33 elementor-inner-column elementor-element elementor-element-ffb62f1\" data-id=\"ffb62f1\" data-element_type=\"column\" data-e-type=\"column\">\n\t\t\t<div class=\"elementor-widget-wrap elementor-element-populated\">\n\t\t\t\t\t\t<div class=\"elementor-element elementor-element-5d15b2a elementor-widget elementor-widget-image\" data-id=\"5d15b2a\" data-element_type=\"widget\" data-e-type=\"widget\" data-widget_type=\"image.default\">\n\t\t\t\t<div class=\"elementor-widget-container\">\n\t\t\t\t\t\t\t\t\t\t\t\t\t\t\t\t<a href=\"https:\/\/scandium-canada.com\/wp-content\/uploads\/2026\/03\/MAR17_2026_VF_Scandium-Canada_Corporate.pdf\" target=\"_blank\">\n\t\t\t\t\t\t\t<img fetchpriority=\"high\" decoding=\"async\" width=\"1024\" height=\"578\" src=\"https:\/\/scandium-canada.com\/wp-content\/uploads\/2026\/03\/CORPO-PRESENTATION-COVER-MARCH-2026-1024x578.png\" class=\"attachment-large size-large wp-image-8021\" alt=\"\" srcset=\"https:\/\/scandium-canada.com\/wp-content\/uploads\/2026\/03\/CORPO-PRESENTATION-COVER-MARCH-2026-1024x578.png 1024w, https:\/\/scandium-canada.com\/wp-content\/uploads\/2026\/03\/CORPO-PRESENTATION-COVER-MARCH-2026-300x169.png 300w, https:\/\/scandium-canada.com\/wp-content\/uploads\/2026\/03\/CORPO-PRESENTATION-COVER-MARCH-2026-768x433.png 768w, https:\/\/scandium-canada.com\/wp-content\/uploads\/2026\/03\/CORPO-PRESENTATION-COVER-MARCH-2026.png 1175w\" sizes=\"(max-width: 1024px) 100vw, 1024px\" \/>\t\t\t\t\t\t\t\t<\/a>\n\t\t\t\t\t\t\t\t\t\t\t\t\t\t\t<\/div>\n\t\t\t\t<\/div>\n\t\t\t\t\t<\/div>\n\t\t<\/div>\n\t\t\t\t<div class=\"elementor-column elementor-col-33 elementor-inner-column elementor-element elementor-element-3175fb2\" data-id=\"3175fb2\" data-element_type=\"column\" data-e-type=\"column\">\n\t\t\t<div class=\"elementor-widget-wrap\">\n\t\t\t\t\t\t\t<\/div>\n\t\t<\/div>\n\t\t\t\t<div class=\"elementor-column elementor-col-33 elementor-inner-column elementor-element elementor-element-1c16de9\" data-id=\"1c16de9\" data-element_type=\"column\" data-e-type=\"column\">\n\t\t\t<div class=\"elementor-widget-wrap elementor-element-populated\">\n\t\t\t\t\t\t<div class=\"elementor-element elementor-element-e903f25 elementor-widget__width-initial elementor-widget elementor-widget-image\" data-id=\"e903f25\" data-element_type=\"widget\" data-e-type=\"widget\" data-widget_type=\"image.default\">\n\t\t\t\t<div class=\"elementor-widget-container\">\n\t\t\t\t\t\t\t\t\t\t\t\t\t\t\t\t<a href=\"https:\/\/scandium-canada.com\/wp-content\/uploads\/2026\/03\/SCANDIUM-CANADA-FACT-SHEET-MARCH-2026.pdf\" target=\"_blank\">\n\t\t\t\t\t\t\t<img decoding=\"async\" width=\"440\" height=\"623\" src=\"https:\/\/scandium-canada.com\/wp-content\/uploads\/2026\/03\/FACT-SHEET-COVER-MARCH-2026.png\" class=\"attachment-large size-large wp-image-8023\" alt=\"\" srcset=\"https:\/\/scandium-canada.com\/wp-content\/uploads\/2026\/03\/FACT-SHEET-COVER-MARCH-2026.png 440w, https:\/\/scandium-canada.com\/wp-content\/uploads\/2026\/03\/FACT-SHEET-COVER-MARCH-2026-212x300.png 212w\" sizes=\"(max-width: 440px) 100vw, 440px\" \/>\t\t\t\t\t\t\t\t<\/a>\n\t\t\t\t\t\t\t\t\t\t\t\t\t\t\t<\/div>\n\t\t\t\t<\/div>\n\t\t\t\t\t<\/div>\n\t\t<\/div>\n\t\t\t\t\t<\/div>\n\t\t<\/section>\n\t\t\t\t\t<\/div>\n\t\t<\/div>\n\t\t\t\t\t<\/div>\n\t\t<\/section>\n\t\t\t\t<section class=\"elementor-section elementor-top-section elementor-element elementor-element-6f9a88e elementor-section-full_width elementor-section-height-default elementor-section-height-default\" data-id=\"6f9a88e\" data-element_type=\"section\" data-e-type=\"section\" data-settings=\"{&quot;background_background&quot;:&quot;classic&quot;}\">\n\t\t\t\t\t\t<div class=\"elementor-container elementor-column-gap-no\">\n\t\t\t\t\t<div class=\"elementor-column elementor-col-33 elementor-top-column elementor-element elementor-element-10b815a\" data-id=\"10b815a\" data-element_type=\"column\" data-e-type=\"column\" data-settings=\"{&quot;background_background&quot;:&quot;classic&quot;}\">\n\t\t\t<div class=\"elementor-widget-wrap elementor-element-populated\">\n\t\t\t\t\t\t<div class=\"elementor-element elementor-element-d2cc135 elementor-view-default elementor-position-block-start elementor-mobile-position-block-start elementor-widget elementor-widget-icon-box\" data-id=\"d2cc135\" data-element_type=\"widget\" data-e-type=\"widget\" data-widget_type=\"icon-box.default\">\n\t\t\t\t<div class=\"elementor-widget-container\">\n\t\t\t\t\t\t\t<div class=\"elementor-icon-box-wrapper\">\n\n\t\t\t\t\t\t<div class=\"elementor-icon-box-icon\">\n\t\t\t\t<a href=\"https:\/\/scandium-canada.com\/fr-ca\/communiques-de-presse-2025\/\" class=\"elementor-icon elementor-animation-pulse-grow\" tabindex=\"-1\" aria-label=\"Communiqu\u00e9s de presse\">\n\t\t\t\t<svg aria-hidden=\"true\" class=\"e-font-icon-svg e-fas-newspaper\" viewBox=\"0 0 576 512\" xmlns=\"http:\/\/www.w3.org\/2000\/svg\"><path d=\"M552 64H88c-13.255 0-24 10.745-24 24v8H24c-13.255 0-24 10.745-24 24v272c0 30.928 25.072 56 56 56h472c26.51 0 48-21.49 48-48V88c0-13.255-10.745-24-24-24zM56 400a8 8 0 0 1-8-8V144h16v248a8 8 0 0 1-8 8zm236-16H140c-6.627 0-12-5.373-12-12v-8c0-6.627 5.373-12 12-12h152c6.627 0 12 5.373 12 12v8c0 6.627-5.373 12-12 12zm208 0H348c-6.627 0-12-5.373-12-12v-8c0-6.627 5.373-12 12-12h152c6.627 0 12 5.373 12 12v8c0 6.627-5.373 12-12 12zm-208-96H140c-6.627 0-12-5.373-12-12v-8c0-6.627 5.373-12 12-12h152c6.627 0 12 5.373 12 12v8c0 6.627-5.373 12-12 12zm208 0H348c-6.627 0-12-5.373-12-12v-8c0-6.627 5.373-12 12-12h152c6.627 0 12 5.373 12 12v8c0 6.627-5.373 12-12 12zm0-96H140c-6.627 0-12-5.373-12-12v-40c0-6.627 5.373-12 12-12h360c6.627 0 12 5.373 12 12v40c0 6.627-5.373 12-12 12z\"><\/path><\/svg>\t\t\t\t<\/a>\n\t\t\t<\/div>\n\t\t\t\n\t\t\t\t\t\t<div class=\"elementor-icon-box-content\">\n\n\t\t\t\t\t\t\t\t\t<h3 class=\"elementor-icon-box-title\">\n\t\t\t\t\t\t<a href=\"https:\/\/scandium-canada.com\/fr-ca\/communiques-de-presse-2025\/\" >\n\t\t\t\t\t\t\tCommuniqu\u00e9s de presse\t\t\t\t\t\t<\/a>\n\t\t\t\t\t<\/h3>\n\t\t\t\t\n\t\t\t\t\n\t\t\t<\/div>\n\t\t\t\n\t\t<\/div>\n\t\t\t\t\t\t<\/div>\n\t\t\t\t<\/div>\n\t\t\t\t\t<\/div>\n\t\t<\/div>\n\t\t\t\t<div class=\"elementor-column elementor-col-33 elementor-top-column elementor-element elementor-element-1e63aa2\" data-id=\"1e63aa2\" data-element_type=\"column\" data-e-type=\"column\" data-settings=\"{&quot;background_background&quot;:&quot;classic&quot;}\">\n\t\t\t<div class=\"elementor-widget-wrap elementor-element-populated\">\n\t\t\t\t\t\t<div class=\"elementor-element elementor-element-56b7ab8 elementor-view-default elementor-position-block-start elementor-mobile-position-block-start elementor-widget elementor-widget-icon-box\" data-id=\"56b7ab8\" data-element_type=\"widget\" data-e-type=\"widget\" data-widget_type=\"icon-box.default\">\n\t\t\t\t<div class=\"elementor-widget-container\">\n\t\t\t\t\t\t\t<div class=\"elementor-icon-box-wrapper\">\n\n\t\t\t\t\t\t<div class=\"elementor-icon-box-icon\">\n\t\t\t\t<a href=\"https:\/\/scandium-canada.com\/fr-ca\/rapports-financiers\/\" class=\"elementor-icon elementor-animation-pulse-grow\" tabindex=\"-1\" aria-label=\"Rapports financiers\">\n\t\t\t\t<svg aria-hidden=\"true\" class=\"e-font-icon-svg e-fas-chart-line\" viewBox=\"0 0 512 512\" xmlns=\"http:\/\/www.w3.org\/2000\/svg\"><path d=\"M496 384H64V80c0-8.84-7.16-16-16-16H16C7.16 64 0 71.16 0 80v336c0 17.67 14.33 32 32 32h464c8.84 0 16-7.16 16-16v-32c0-8.84-7.16-16-16-16zM464 96H345.94c-21.38 0-32.09 25.85-16.97 40.97l32.4 32.4L288 242.75l-73.37-73.37c-12.5-12.5-32.76-12.5-45.25 0l-68.69 68.69c-6.25 6.25-6.25 16.38 0 22.63l22.62 22.62c6.25 6.25 16.38 6.25 22.63 0L192 237.25l73.37 73.37c12.5 12.5 32.76 12.5 45.25 0l96-96 32.4 32.4c15.12 15.12 40.97 4.41 40.97-16.97V112c.01-8.84-7.15-16-15.99-16z\"><\/path><\/svg>\t\t\t\t<\/a>\n\t\t\t<\/div>\n\t\t\t\n\t\t\t\t\t\t<div class=\"elementor-icon-box-content\">\n\n\t\t\t\t\t\t\t\t\t<h3 class=\"elementor-icon-box-title\">\n\t\t\t\t\t\t<a href=\"https:\/\/scandium-canada.com\/fr-ca\/rapports-financiers\/\" >\n\t\t\t\t\t\t\tRapports financiers\t\t\t\t\t\t<\/a>\n\t\t\t\t\t<\/h3>\n\t\t\t\t\n\t\t\t\t\n\t\t\t<\/div>\n\t\t\t\n\t\t<\/div>\n\t\t\t\t\t\t<\/div>\n\t\t\t\t<\/div>\n\t\t\t\t\t<\/div>\n\t\t<\/div>\n\t\t\t\t<div class=\"elementor-column elementor-col-33 elementor-top-column elementor-element elementor-element-a97fe5e\" data-id=\"a97fe5e\" data-element_type=\"column\" data-e-type=\"column\" data-settings=\"{&quot;background_background&quot;:&quot;classic&quot;}\">\n\t\t\t<div class=\"elementor-widget-wrap elementor-element-populated\">\n\t\t\t\t\t\t<div class=\"elementor-element elementor-element-b61fc52 elementor-view-default elementor-position-block-start elementor-mobile-position-block-start elementor-widget elementor-widget-icon-box\" data-id=\"b61fc52\" data-element_type=\"widget\" data-e-type=\"widget\" data-widget_type=\"icon-box.default\">\n\t\t\t\t<div class=\"elementor-widget-container\">\n\t\t\t\t\t\t\t<div class=\"elementor-icon-box-wrapper\">\n\n\t\t\t\t\t\t<div class=\"elementor-icon-box-icon\">\n\t\t\t\t<a href=\"https:\/\/scandium-canada.com\/fr-ca\/depots-reglementaires\/\" class=\"elementor-icon elementor-animation-pulse-grow\" tabindex=\"-1\" aria-label=\"D\u00e9p\u00f4ts r\u00e9glementaires\">\n\t\t\t\t<svg aria-hidden=\"true\" class=\"e-font-icon-svg e-far-file-alt\" viewBox=\"0 0 384 512\" xmlns=\"http:\/\/www.w3.org\/2000\/svg\"><path d=\"M288 248v28c0 6.6-5.4 12-12 12H108c-6.6 0-12-5.4-12-12v-28c0-6.6 5.4-12 12-12h168c6.6 0 12 5.4 12 12zm-12 72H108c-6.6 0-12 5.4-12 12v28c0 6.6 5.4 12 12 12h168c6.6 0 12-5.4 12-12v-28c0-6.6-5.4-12-12-12zm108-188.1V464c0 26.5-21.5 48-48 48H48c-26.5 0-48-21.5-48-48V48C0 21.5 21.5 0 48 0h204.1C264.8 0 277 5.1 286 14.1L369.9 98c9 8.9 14.1 21.2 14.1 33.9zm-128-80V128h76.1L256 51.9zM336 464V176H232c-13.3 0-24-10.7-24-24V48H48v416h288z\"><\/path><\/svg>\t\t\t\t<\/a>\n\t\t\t<\/div>\n\t\t\t\n\t\t\t\t\t\t<div class=\"elementor-icon-box-content\">\n\n\t\t\t\t\t\t\t\t\t<h3 class=\"elementor-icon-box-title\">\n\t\t\t\t\t\t<a href=\"https:\/\/scandium-canada.com\/fr-ca\/depots-reglementaires\/\" >\n\t\t\t\t\t\t\tD\u00e9p\u00f4ts r\u00e9glementaires\t\t\t\t\t\t<\/a>\n\t\t\t\t\t<\/h3>\n\t\t\t\t\n\t\t\t\t\n\t\t\t<\/div>\n\t\t\t\n\t\t<\/div>\n\t\t\t\t\t\t<\/div>\n\t\t\t\t<\/div>\n\t\t\t\t\t<\/div>\n\t\t<\/div>\n\t\t\t\t\t<\/div>\n\t\t<\/section>\n\t\t\t\t<\/div>\n\t\t","protected":false},"excerpt":{"rendered":"<p>Investisseurs Informations boursi\u00e8res Bourse de Toronto en temps r\u00e9el : Actions Scandium Canada Pr\u00e9sentation de l&rsquo;entreprise et fiche d&rsquo;information Pour en savoir plus sur Scandium Canada, consultez notre page\u00c0 propos Communiqu\u00e9s de presse Rapports financiers D\u00e9p\u00f4ts r\u00e9glementaires<\/p>\n","protected":false},"author":7,"featured_media":0,"parent":0,"menu_order":0,"comment_status":"closed","ping_status":"closed","template":"","meta":{"_monsterinsights_skip_tracking":false,"_monsterinsights_sitenote_active":false,"_monsterinsights_sitenote_note":"","_monsterinsights_sitenote_category":0,"_uf_show_specific_survey":0,"_uf_disable_surveys":false,"footnotes":""},"class_list":["post-6423","page","type-page","status-publish"],"aioseo_notices":[],"rttpg_featured_image_url":null,"rttpg_author":{"display_name":"Scandium Canada","author_link":"https:\/\/scandium-canada.com\/fr-ca\/author\/scandium-canada\/"},"rttpg_comment":0,"rttpg_category":" <a href=\"https:\/\/scandium-canada.com\/fr-ca\/?taxonomy=translation_priority&#038;term=optional-fr-ca\" rel=\"tag\">Optional<\/a>","rttpg_excerpt":"Investisseurs Informations boursi\u00e8res Bourse de Toronto en temps r\u00e9el : Actions Scandium Canada Pr\u00e9sentation de l&rsquo;entreprise et fiche d&rsquo;information Pour en savoir plus sur Scandium Canada, consultez notre page\u00c0 propos Communiqu\u00e9s de presse Rapports financiers D\u00e9p\u00f4ts r\u00e9glementaires","_links":{"self":[{"href":"https:\/\/scandium-canada.com\/fr-ca\/wp-json\/wp\/v2\/pages\/6423","targetHints":{"allow":["GET"]}}],"collection":[{"href":"https:\/\/scandium-canada.com\/fr-ca\/wp-json\/wp\/v2\/pages"}],"about":[{"href":"https:\/\/scandium-canada.com\/fr-ca\/wp-json\/wp\/v2\/types\/page"}],"author":[{"embeddable":true,"href":"https:\/\/scandium-canada.com\/fr-ca\/wp-json\/wp\/v2\/users\/7"}],"replies":[{"embeddable":true,"href":"https:\/\/scandium-canada.com\/fr-ca\/wp-json\/wp\/v2\/comments?post=6423"}],"version-history":[{"count":3,"href":"https:\/\/scandium-canada.com\/fr-ca\/wp-json\/wp\/v2\/pages\/6423\/revisions"}],"predecessor-version":[{"id":8036,"href":"https:\/\/scandium-canada.com\/fr-ca\/wp-json\/wp\/v2\/pages\/6423\/revisions\/8036"}],"wp:attachment":[{"href":"https:\/\/scandium-canada.com\/fr-ca\/wp-json\/wp\/v2\/media?parent=6423"}],"curies":[{"name":"wp","href":"https:\/\/api.w.org\/{rel}","templated":true}]}}